{"id":158,"date":"2015-04-10T15:26:51","date_gmt":"2015-04-10T13:26:51","guid":{"rendered":"http:\/\/jnorman.wpengine.com\/?page_id=158"},"modified":"2023-12-28T13:46:57","modified_gmt":"2023-12-28T12:46:57","slug":"sekretesspolicy","status":"publish","type":"page","link":"https:\/\/frost08.se\/staging\/sekretesspolicy\/","title":{"rendered":"Sekretesspolicy"},"content":{"rendered":"<h1><strong>Hur behandlar vi din personliga information?<\/strong><\/h1>\n<p>N\u00e4r du handlar fr\u00e5n en webbutik, v\u00e5r eller n\u00e5gon annan, s\u00e5 l\u00e4mnar du ifr\u00e5n dig information om dig sj\u00e4lv. Var du bor, vilken e-postadress du har och vad du handlar. Vissa av v\u00e5ra kunder undrar vad vi g\u00f6r med informationen och h\u00e4r beskriver vi lite mer formellt hur vi arbetar med information.<\/p>\n<p>Grunden i allt vi g\u00f6r \u00e4r att behandla v\u00e5ra kunder som vi sj\u00e4lva vill bli behandlade, alltid. Det g\u00e4ller \u00e4ven n\u00e4r det kommer till information.<\/p>\n<h2><strong>Vilken information samlar vi in?\u00a0<\/strong><\/h2>\n<p>Vi samlar in s\u00e5 lite information som m\u00f6jligt. Vi beh\u00f6ver veta var du bor f\u00f6r att kunna skicka varorna hem till dig. Best\u00e4ller du till ditt jobb eller sommarst\u00e4lle beh\u00f6ver vi inte ens veta var du bor.<\/p>\n<p>Vill du best\u00e4lla mot faktura s\u00e5 m\u00e5ste v\u00e5r samarbetspartner <a href=\"http:\/\/www.klarna.se\" target=\"_blank\" rel=\"noopener noreferrer\">Klarna<\/a> ha ditt personnummer. Bara d\u00e5 kan du f\u00e5 dina varor hemskickade mot faktura.<\/p>\n<p>N\u00e4r du betalar med kort s\u00e5 kr\u00e4vs det att du uppger ditt kreditkortsnummer. Det g\u00e5r via en s\u00e4ker server och <a href=\"http:\/\/www.payson.se\" target=\"_blank\" rel=\"noopener noreferrer\">Payson<\/a> eller <a href=\"http:\/\/www.paypal.se\" target=\"_blank\" rel=\"noopener noreferrer\">Paypal<\/a> sk\u00f6ter kortbetalningar via oss.<\/p>\n<p>Sen s\u00e5 m\u00e5ste vi s\u00e5klart veta vilka produkter du best\u00e4ller och vi beh\u00f6ver din e-postadress f\u00f6r att kunna kontakta dig med leveransbesked, \u00e4ndrad information osv.<\/p>\n<h2><strong>Hur anv\u00e4nder vi den h\u00e4r informationen?<\/strong><\/h2>\n<p>Vi anv\u00e4nder informationen f\u00f6r att expediera din best\u00e4llning.\u00a0Vi anv\u00e4nder din e-postadress f\u00f6r att kunna skicka information till dig. Vill du inte ha information fr\u00e5n oss s\u00e5 kan du enkelt via en l\u00e4nk informationsmailet avbest\u00e4lla vidare informationsbrev och kommer d\u00e5 aldrig bli kontaktad av oss igen.<\/p>\n<h2>Cookies<\/h2>\n<p>Vi anv\u00e4nder cookies. Det g\u00f6r vi f\u00f6r att kunna lagra dina varor i din varukorg.<\/p>\n<p>Vi anv\u00e4nder dessutom Googles tj\u00e4nst &#8221;Google Analytics&#8221; och &#8221;AdRoll Remarkting&#8221;. \u00c4ven dessa tj\u00e4nster anv\u00e4nder Cookies.\u00a0<a href=\"http:\/\/www.google.com\/intl\/sv\/policies\/privacy\/partners\/\">H\u00e4r kan du l\u00e4ser mer om vad det betyder f\u00f6r dig<\/a>.<\/p>\n<h2><strong>Information till andra akt\u00f6rer<\/strong><\/h2>\n<p>Vi l\u00e4mnar aldrig ifr\u00e5n oss din information till n\u00e5gon annan. Undantag g\u00f6rs om vi av n\u00e5gon anledning \u00e4r tvingade enligt lag.<\/p>\n<h2><strong>Ta bort din information fr\u00e5n v\u00e5r databas<\/strong><\/h2>\n<p>Den enda informationen som vi beh\u00e5ller \u00e4r din e-postadress. Resterande information sparas bara som underlag f\u00f6r den ekonomiska transaktionen.<\/p>\n<p>Vill du inte att vi har din e-postadress i v\u00e5r databas f\u00f6r informationsbrev s\u00e5 kan du maila oss s\u00e5 tar vi bort den.<\/p>\n","protected":false},"excerpt":{"rendered":"<p>Hur behandlar vi din personliga information? N\u00e4r du handlar fr\u00e5n en webbutik, v\u00e5r eller n\u00e5gon annan, s\u00e5 l\u00e4mnar du ifr\u00e5n dig information om dig sj\u00e4lv. Var du bor, vilken e-postadress du har och vad du handlar. Vissa av v\u00e5ra kunder undrar vad vi g\u00f6r med informationen och h\u00e4r beskriver vi lite mer formellt hur vi [&#8230;]\n","protected":false},"author":3,"featured_media":0,"parent":0,"menu_order":0,"comment_status":"closed","ping_status":"open","template":"","meta":{"footnotes":""},"class_list":["post-158","page","type-page","status-publish","hentry"],"_links":{"self":[{"href":"https:\/\/frost08.se\/staging\/wp-json\/wp\/v2\/pages\/158"}],"collection":[{"href":"https:\/\/frost08.se\/staging\/wp-json\/wp\/v2\/pages"}],"about":[{"href":"https:\/\/frost08.se\/staging\/wp-json\/wp\/v2\/types\/page"}],"author":[{"embeddable":true,"href":"https:\/\/frost08.se\/staging\/wp-json\/wp\/v2\/users\/3"}],"replies":[{"embeddable":true,"href":"https:\/\/frost08.se\/staging\/wp-json\/wp\/v2\/comments?post=158"}],"version-history":[{"count":3,"href":"https:\/\/frost08.se\/staging\/wp-json\/wp\/v2\/pages\/158\/revisions"}],"predecessor-version":[{"id":47295,"href":"https:\/\/frost08.se\/staging\/wp-json\/wp\/v2\/pages\/158\/revisions\/47295"}],"wp:attachment":[{"href":"https:\/\/frost08.se\/staging\/wp-json\/wp\/v2\/media?parent=158"}],"curies":[{"name":"wp","href":"https:\/\/api.w.org\/{rel}","templated":true}]}}