{"id":31021,"date":"2018-05-24T14:55:09","date_gmt":"2018-05-24T12:55:09","guid":{"rendered":"https:\/\/frost08.se\/?page_id=31021"},"modified":"2024-11-03T19:50:01","modified_gmt":"2024-11-03T18:50:01","slug":"integritetspolicy","status":"publish","type":"page","link":"https:\/\/frost08.se\/staging\/integritetspolicy\/","title":{"rendered":"Integritetspolicy"},"content":{"rendered":"<div id=\"page\" class=\"page\"><section class=\"main-content\">\n<div class=\"container clearfix\">\n<div class=\"std\">\n<div class=\"col-mobile-full col-md-12 white-box\">\n<h1>Integritetspolicy &#8211; Vi skyddar dina uppgifter<\/h1>\nDen 25 maj 2018 tr\u00e4der EU:s nya dataskyddsf\u00f6rordning, <a href=\"http:\/\/www.integritetsskyddsmyndigheten.se\">GDPR<\/a> i kraft. <a href=\"http:\/\/www.integritetsskyddsmyndigheten.se\">GDPR<\/a> st\u00e4ller h\u00f6gre krav p\u00e5 hur vi som f\u00f6retag hanterar dina personuppgifter. P\u00e5 FROSTnoll\u00e5tta v\u00e4rnar vi om din personliga integritet och efterstr\u00e4var alltid att h\u00e5lla en h\u00f6g niv\u00e5 av dataskydd. F\u00f6r att du ska k\u00e4nna dig trygg i v\u00e5r hantering av dina personuppgifter har vi d\u00e4rf\u00f6r tagit fram en ny integritetspolicy som visar hur vi s\u00e4kerst\u00e4ller att dina personuppgifter behandlas i enighet med g\u00e4llande lagstiftning.\n\nIntegritetspolicyn beskriver hur vi samlar in, anv\u00e4nder, sparar, l\u00e4mnar ut samt skyddar dina personuppgifter och vilka r\u00e4ttigheter du har. Integritetspolicyn g\u00e4ller d\u00e5 FROSTnoll\u00e5tta tillhandah\u00e5ller tj\u00e4nster och produkter i anslutning till k\u00f6p, service\u00e4renden och \u00f6vrig kontakt, som bes\u00f6k p\u00e5 webbplats.\n<h3>Personuppgifter<\/h3>\nI policyn definierar vi begreppet \u201cpersonuppgifter\u201d som information som, direkt eller indirekt, kan identifiera en fysisk person. Begreppet omfattar inte information som har anonymiserats s\u00e5 att den inte kan kopplas till, eller identifiera en fysisk person.\n<h3>Personuppgiftsansvarig<\/h3>\nAnsvarig f\u00f6r hanteringen av personuppgifter \u00e4r FROSTnoll\u00e5tta &#8211; 841217-6607, Phragm\u00e9nsv\u00e4gen 4, 70368 \u00d6rebro (OBS, ej bes\u00f6ksadress)\n<h2>Personuppgifter vi samlar in<\/h2>\n<h3>Order- och leveransuppgifter<\/h3>\nI samband med k\u00f6p ber vi dig endast att uppge information som \u00e4r n\u00f6dv\u00e4ndig f\u00f6r att vi ska kunna fullg\u00f6ra v\u00e5rt avtal, ge dig korrekt service och s\u00e4kerst\u00e4lla en trygg leverans. N\u00e4r du slutf\u00f6r ditt k\u00f6p och v\u00e4ljer betalmetod efterfr\u00e5gas d\u00e4rf\u00f6r:\n<ul>\n \t<li>Namn<\/li>\n \t<li>E-postadress<\/li>\n \t<li>Postnummer<\/li>\n \t<li>Personnummer (lagras endast av extern betalningsleverant\u00f6r Klarna d\u00e5 det kr\u00e4vs f\u00f6r valt betals\u00e4tt)<\/li>\n \t<li>Folkbokf\u00f6ringsadress<\/li>\n \t<li>Mobilnummer<\/li>\n<\/ul>\n<h3>Betalningsuppgifter<\/h3>\nI samband med k\u00f6p l\u00e4mnas den information som beh\u00f6vs f\u00f6r den valda betalmetoden, till exempel personnummer och\/eller kontouppgifter. Vi anv\u00e4nder oss av externa betalningsleverant\u00f6rer som tydligt framg\u00e5r vid k\u00f6ptillf\u00e4llet, som hanterar alla v\u00e5ra betalningar och vi lagrar d\u00e4rf\u00f6r aldrig n\u00e5gra av dina betalningsuppgifter i v\u00e5ra system.\n<h3>Tekniska uppgifter<\/h3>\nUppgifter om den utrustning du anv\u00e4nder vid bes\u00f6k av v\u00e5r webbplats, s\u00e5som IP-adress, din enhet, operativsystem samt webbl\u00e4sare och version.\n<h3>Kunduppgifter<\/h3>\nVi samlar \u00e4ven in information om din bes\u00f6ksstatistik, vilka varor eller erbjudanden du visat intresse f\u00f6r samt hur du interagerar med v\u00e5ra nyhetsbrev. Vi sparar uppgifter om dina historiska ink\u00f6p f\u00f6r att kunna ge dig b\u00e4ttre service exempelvis vid reklamationer eller f\u00f6r att kunna komplettera en order med liknande varor.\n<h3>Kontakt med kundtj\u00e4nst<\/h3>\nInformation som du l\u00e4mnar i samband med att du kontaktar kundtj\u00e4nst via e-post eller samtal kan komma att anv\u00e4ndas f\u00f6r att administrera ditt k\u00f6p exempelvis r\u00e4tta en ofullst\u00e4ndig personuppgift. Vi uppmanar dig som kund att inte l\u00e4mna k\u00e4nsliga personuppgifter till oss i ett ostrukturerat format (exempelvis fritext i e-post).\n<h3>Recensioner<\/h3>\nVi anv\u00e4nder oss i dagsl\u00e4get endast av recensioner p\u00e5 Facebook d\u00e4r du kan beskriva helheten av din kontakt med oss p\u00e5 FROSTnoll\u00e5tta. Det \u00e4r helt frivilligt att l\u00e4mna en recension.\n<h2>\u00c4ndam\u00e5l och r\u00e4ttslig grund<\/h2>\nF\u00f6r att v\u00e5r behandling av dina personuppgifter ska vara till\u00e5ten kr\u00e4vs det att vi har en r\u00e4ttslig grund f\u00f6r v\u00e5r behandling. Nedan f\u00f6ljer n\u00e5gra exempel p\u00e5 kategorier av de personuppgifter som vi samlar in samt r\u00e4ttslig grund f\u00f6r v\u00e5r behandling. Dina personuppgifter kommer aldrig att anv\u00e4ndas f\u00f6r ett annat \u00e4ndam\u00e5l \u00e4n f\u00f6r det de initialt samlats in utan att vi inh\u00e4mtat ditt samtycke.\n<h2>Exempel p\u00e5 kategorier av personuppgifter som vi behandlar<\/h2>\n<strong>Erbjudanden:<\/strong>\nInformation om vilka erbjudanden du har f\u00e5tt fr\u00e5n oss, n\u00e4r du f\u00e5tt erbjudanden och om du utnyttjat dem eller inte.\nR\u00e4ttslig grund &#8211; Ber\u00e4ttigat intresse.\n\n<strong>Order- &amp; leveransuppgifter:<\/strong>\nUppgifter om varor och leverans f\u00f6r k\u00f6p av produkt. Produkt, pris, orderdatum, leveransadress &amp; leveranss\u00e4tt.\nR\u00e4ttslig grund &#8211; Fullg\u00f6rande av avtal\n\n<strong>Prenumerationsuppgift:<\/strong>\nUppgifter om dina prenumerationer hos oss, exempelvis nyhetsbrev. Datum f\u00f6r tecknad prenumeration\nR\u00e4ttslig grund &#8211; Ber\u00e4ttigat intresse\n\n<strong>K\u00f6pinformation:<\/strong>\nUppgifter om dina tidigare genomf\u00f6rda k\u00f6p. K\u00f6pta produkter, belopp, betals\u00e4tt, transaktions-id, leveransadress &amp; datum.\nR\u00e4ttslig grund &#8211; Ber\u00e4ttigat intresse\n\n<strong>Identitetsuppgifter:<\/strong>\nUppgifter som kan eventuellt kan identifera en person. Namn, anv\u00e4ndarnamn, e-postadress, leveransadress, regnummer och IP-adress.\nR\u00e4ttslig grund &#8211; Ber\u00e4ttigat intresse\n<h3>T\u00e4vlingar, marknadsf\u00f6ring och andra kampanjer<\/h3>\nVi anv\u00e4nder dina personuppgifter f\u00f6r att ge dig information om varor eller tj\u00e4nster (som marknadsf\u00f6ringsmaterial, kampanjer eller erbjudanden). Det kan vara genom e-postutskick i den omfattning som g\u00e4llande lagstiftning till\u00e5ter. F\u00f6r mer information om v\u00e5ra t\u00e4vlingar och andra kampanjer, se de officiella regler eller detaljer som bifogas till varje t\u00e4vling\/kampanj.\n\n&nbsp;\n<h2>Dina r\u00e4ttigheter<\/h2>\nI samband med att <a href=\"http:\/\/www.integritetsskyddsmyndigheten.se\">GDPR<\/a> tr\u00e4der i kraft f\u00e5r du flera r\u00e4ttigheter i relation till den personuppgiftsbehandling som g\u00f6rs om dig. Du kan ut\u00f6va dessa r\u00e4ttigheter genom att <a href=\"https:\/\/frost08.se\/kontakta-oss\/\">kontakta oss<\/a>.\n<h3>R\u00e4tt till tillg\u00e5ng<\/h3>\nI enighet med denna lag har du r\u00e4tt att av oss kostnadsfritt beg\u00e4ra information om vilka av dina personuppgifter vi behandlar och \u00e4ndam\u00e5let med v\u00e5r behandling. Vi besvarar dina \u00f6nskem\u00e5l utan on\u00f6digt dr\u00f6jsm\u00e5l. I de fall vi inte kan uppfylla dina \u00f6nskem\u00e5l kommer vi att meddela dig detta och ange varf\u00f6r. Vid en f\u00f6rfr\u00e5gan kan vi komma att beg\u00e4ra in uppgifter som styrker din identitet f\u00f6r att s\u00e4kra att dina personuppgifter inte n\u00e5r obeh\u00f6riga. Vi skickar registerutdraget till din folkbokf\u00f6ringsadress eller verifierad e-postadress.\n<h3>R\u00e4tt till r\u00e4ttelse<\/h3>\nDu har r\u00e4tt att beg\u00e4ra att dina personuppgifter r\u00e4ttas utan on\u00f6digt dr\u00f6jsm\u00e5l om uppgifterna \u00e4r felaktiga eller ofullst\u00e4ndiga.\n<h3>R\u00e4tt till radering<\/h3>\nDu har r\u00e4tt att beg\u00e4ra radering av dina personuppgifter under f\u00f6ruts\u00e4ttning att:\n<ul>\n \t<li>Uppgifterna inte l\u00e4ngre \u00e4r n\u00f6dv\u00e4ndiga f\u00f6r de \u00e4ndam\u00e5l f\u00f6r vilka de har samlats in eller behandlats.<\/li>\n \t<li>Du har \u00e5terkallat ett samtycke som behandlingen grundar sig p\u00e5 och det inte finns d\u00e5 inte l\u00e4ngre n\u00e5gon r\u00e4ttslig grund f\u00f6r behandlingen.<\/li>\n \t<li>Du inv\u00e4nder mot en intresseavv\u00e4gning av ber\u00e4ttigat intresse som f\u00f6retaget har gjort, och det saknas ber\u00e4ttigat intresse f\u00f6r f\u00f6retaget som v\u00e4ger tyngre \u00e4n risken f\u00f6r dig som enskild person (du har r\u00e4tt att ta del av hur avv\u00e4gningen har gjorts av f\u00f6retaget).<\/li>\n \t<li>Personuppgifterna har samlats in eller behandlats p\u00e5 ett olagligt s\u00e4tt<\/li>\n \t<li>Personuppgifterna m\u00e5ste raderas f\u00f6r att uppfylla en r\u00e4ttslig f\u00f6rpliktelse som f\u00f6retaget omfattas av<\/li>\n<\/ul>\nVi kan inte alltid tillm\u00f6tesg\u00e5 din beg\u00e4ran om radering, exempelvis om:\n<ul>\n \t<li>Behandlingen beh\u00f6vs f\u00f6r att ut\u00f6va n\u00e5gons r\u00e4tt till yttrande- och informationsfrihet<\/li>\n \t<li>F\u00f6r att uppfylla en r\u00e4ttslig f\u00f6rpliktelse som vi omfattas av<\/li>\n \t<li>F\u00f6r att kunna fastst\u00e4lla, g\u00f6ra g\u00e4llande eller f\u00f6rsvara r\u00e4ttsliga anspr\u00e5k<\/li>\n<\/ul>\n<h3>R\u00e4tt till begr\u00e4nsning<\/h3>\nI vissa fall har du r\u00e4tt att beg\u00e4ra att v\u00e5r behandling av dina personuppgifter begr\u00e4nsas. Med begr\u00e4nsning menas att uppgifterna markeras och i framtiden endast f\u00e5r anv\u00e4ndas f\u00f6r vissa avgr\u00e4nsande syften. Exempelvis kan detta g\u00e4lla om du anser att dina personuppgifter \u00e4r felaktiga och beg\u00e4rt r\u00e4ttelse. D\u00e5 kan anv\u00e4ndningen av dina personuppgifter begr\u00e4nsas under den tid som korrekthet utreds. N\u00e4r eventuell begr\u00e4nsning upph\u00f6r kommer du att informeras om detta.\n<h3>R\u00e4tt att g\u00f6ra inv\u00e4ndningar mot viss typ av behandling<\/h3>\nEnigt lag har du r\u00e4tt att g\u00f6ra inv\u00e4ndning mot viss typ av behandling.\n<h4>Ber\u00e4ttigat intresse<\/h4>\nDu har r\u00e4tt att inv\u00e4nda mot behandlingar, som grundar sig p\u00e5 ett ber\u00e4ttigat intresse som vi har, av sk\u00e4l som h\u00e4nf\u00f6r sig till din specifika situation. Vi f\u00e5r forts\u00e4tta att behandla uppgifter, trots att du har motsatt dig behandlingen, om vi har tvingande ber\u00e4ttigade sk\u00e4l f\u00f6r behandlingen som v\u00e4ger tyngre \u00e4n ditt integritetsintresse.\n<h4>Annonsering, marknadsf\u00f6ring och kampanjer<\/h4>\nDu kan n\u00e4r som helst s\u00e4ga upp kommunikation och marknadsf\u00f6ring genom att kontakta oss. Observera att \u00e4ven om du s\u00e4ger upp marknadsf\u00f6ringsmeddelanden kommer du fortfarande f\u00e5 administrativa meddelanden fr\u00e5n oss, till exempel orderbekr\u00e4ftelser eller annan transaktionsinformation, meddelanden om kontoaktiviteter (kontobekr\u00e4ftelser, \u00e4ndringar av l\u00f6senord med mera) och andra viktiga meddelanden.\n<h3>R\u00e4tt till dataportabilitet<\/h3>\nDu har r\u00e4tt att f\u00e5 en kopia p\u00e5 de personuppgifter som behandlas om dig i ett strukturerat format (dataportabilitet). R\u00e4tten till dataportabilitet omfattar endast uppgifter som du sj\u00e4lv har l\u00e4mnat till oss och som vi behandlar med st\u00f6d av vissa lagliga grunder, exempelvis ett avtal med dig.\n<h2>Skydd av dina personuppgifter<\/h2>\n<h3>Begr\u00e4nsad tillg\u00e5ng<\/h3>\nEndast beh\u00f6rig personal har tillg\u00e5ng till dina personuppgifter under arbetstid. Vilka personuppgifter som hanteras best\u00e4ms av arbetsuppgiftens \u00e4ndam\u00e5l och omfattning.\n<h3>Lagring av personuppgifter<\/h3>\nI enighet med g\u00e4llande lagstiftning behandlar vi dina personuppgifter endast under s\u00e5 l\u00e5ng tid som kr\u00e4vs f\u00f6r att uppfylla de \u00e4ndam\u00e5l f\u00f6r vilka dina personuppgifter samlats in eller f\u00f6r att uppfylla v\u00e5ra r\u00e4ttsliga f\u00f6rpliktelser.\n\nDina personuppgifter kommer p\u00e5 ett s\u00e4kert s\u00e4tt att lagras inom f\u00f6retaget, i ett strukturerat format och vi str\u00e4var efter att lagra data inom EU.\n<h3>\u00c5tg\u00e4rder fr\u00e5n oss<\/h3>\n<ul>\n \t<li>Vi lagrar dina personuppgifter i system som anv\u00e4nder l\u00e4mpliga s\u00e4kerhets\u00e5tg\u00e4rder f\u00f6r att f\u00f6rhindra obeh\u00f6rig \u00e5tkomst.<\/li>\n \t<li>Vi f\u00f6ljer rimliga standarder f\u00f6r skydd av personuppgifter.<\/li>\n \t<li>Vi informerar samtliga anst\u00e4llda om hur vi som f\u00f6retag tillsammans verkar f\u00f6r att skydda de personuppgifter vi behandlar.<\/li>\n \t<li>Vid dataintr\u00e5ng eller f\u00f6rlust av k\u00e4nsliga personuppgifter kommer tillsynsmyndighet att meddelas och i de fall f\u00f6rlusten utg\u00f6r en s\u00e4rskild risk f\u00f6r enskilda personer kommer \u00e4ven de att informeras.<\/li>\n \t<li>Vi anv\u00e4nder s\u00e4ker metod f\u00f6r data\u00f6verf\u00f6ring. Uppgifter du l\u00e4mnar vid best\u00e4llning krypteras med SSL-metoden innan de \u00f6verf\u00f6rs. SSL, Secure-Socket-Layer, \u00e4r den mest bepr\u00f6vade metoden p\u00e5 internet f\u00f6r att skydda uppgifter och s\u00e4kerst\u00e4lla trygg data\u00f6verf\u00f6ring. Vi anv\u00e4nder oss alltid av SSL-metoden n\u00e4r k\u00e4nslig data \u00f6verf\u00f6rs.<\/li>\n<\/ul>\n<h3>\u00c5tg\u00e4rder fr\u00e5n dig<\/h3>\nVi ber dig som kund att vara med och verka f\u00f6r en trygg och s\u00e4ker datahantering.\n<ul>\n \t<li>L\u00e4mna inte ut uppgifter till obeh\u00f6rig och uppge aldrig mer information \u00e4n n\u00f6dv\u00e4ndigt.<\/li>\n \t<li>V\u00e4lj ett sv\u00e5rt l\u00f6senord och byt regelbundet.<\/li>\n \t<li>Logga ut fr\u00e5n ditt konto varje g\u00e5ng du l\u00e4mnar datorn (var extra uppm\u00e4rksam vid anv\u00e4ndning av en delad eller publik dator).<\/li>\n \t<li>Undvik att skriva k\u00e4nsliga personuppgifter i l\u00f6pande text, exempelvis via v\u00e5ra formul\u00e4r \u201dKontakta oss\u201d eller via e-post till kundtj\u00e4nst.<\/li>\n<\/ul>\n<h2>Information till tredje part<\/h2>\nDet \u00e4r viktigt f\u00f6r oss att du k\u00e4nner dig trygg i v\u00e5r hantering av dina personuppgifter. Vi \u00e5tar oss att behandla och lagra dina personuppgifter i enighet med g\u00e4llande lagstiftning och vi kommer aldrig att l\u00e4mna ut dina personuppgifter till obeh\u00f6riga parter eller s\u00e4lja vidare dina personuppgifter till tredje part.\n<h3>Samarbetspartners<\/h3>\nF\u00f6r att vi ska kunna fullg\u00f6ra v\u00e5r del av avtalet anv\u00e4nder vi oss av underleverant\u00f6rer och samarbetspartners. Dessa hj\u00e4lper oss bland annat med leverans, betalnings- och faktureringstj\u00e4nster, kundservice, f\u00f6rs\u00e4krings\u00e4renden etc. Endast de personuppgifter som \u00e4r n\u00f6dv\u00e4ndiga f\u00f6r att kunna slutf\u00f6ra avtalet kommer att l\u00e4mnas till ber\u00f6rda parter.\n<h3>Juridiska sk\u00e4l<\/h3>\nVid misstanke om brottslig aktivitet kan vi kan komma att dela med oss av dina personuppgifter i syfte att besvara fr\u00e5gor i samband med exempelvis en brottsutredning. I enighet med existerande lagar l\u00e4mnas uppgifter till polis eller annan beh\u00f6rig myndighet f\u00f6r att uppfylla v\u00e5ra r\u00e4ttsliga skyldigheter.\n<h2>L\u00e4nkar till andra sidor<\/h2>\nP\u00e5 v\u00e5r hemsida kan det f\u00f6rekomma l\u00e4nkar till externa webbsidor som vi inte har best\u00e4mmande inflytande \u00f6ver. Vi tar inget ansvar f\u00f6r inneh\u00e5llet p\u00e5 de hemsidor som l\u00e4nkas till, fr\u00e5n frost08.se. Dessa omfattas s\u00e5ledes inte av denna policy.\n<h2>Cookies<\/h2>\nP\u00e5 frost08.se anv\u00e4nder vi oss av cookies f\u00f6r att f\u00f6rb\u00e4ttra din upplevelse av sidan och f\u00f6renkla f\u00f6r dig n\u00e4r du anv\u00e4nder v\u00e5ra tj\u00e4nster. En cookie \u00e4r en liten textfil och den g\u00f6r ingen skada p\u00e5 din dator. Cookies g\u00f6r bland annat att varor du lagt i varukorgen sparas och hj\u00e4lper oss att skr\u00e4ddarsy en mer relevant annonsering utifr\u00e5n dina preferenser. Du kan alltid v\u00e4lja att inte acceptera cookies i din webbl\u00e4sare. V\u00e4ljer du att inte acceptera cookies kan du inte genomf\u00f6ra k\u00f6p i webbshopen, d\u00e4remot kan du forts\u00e4tta att klicka dig runt p\u00e5 hemsidan och titta p\u00e5 v\u00e5ra produkter. Du kan st\u00e4lla in din webbl\u00e4sare p\u00e5 att blockera alla eller vissa cookies eller att meddela dig n\u00e4r en webbplats anv\u00e4nder cookies. Du kan ocks\u00e5 radera dina cookies direkt i din webbl\u00e4sare, t\u00e4nk p\u00e5 att nya cookies lagras i din webbl\u00e4sare n\u00e4r du bes\u00f6ker oss p\u00e5 nytt.\n<h2>\u00c4ndringar, synpunkter, klagom\u00e5l och kontakt<\/h2>\n<h3>\u00c4ndringar<\/h3>\nFROSTnoll\u00e5tta f\u00f6rbeh\u00e5ller sig r\u00e4tten att g\u00f6ra \u00e4ndringar i integritetspolicyn. \u00c4ndringar av v\u00e4sentlig karakt\u00e4r kommuniceras i god tid innan de tr\u00e4der i kraft och du har d\u00e5 r\u00e4tt att s\u00e4ga upp avtalet med oss innan \u00e4ndringen tr\u00e4der i kraft.\n<h3>Klagom\u00e5l<\/h3>\nOm du har synpunkter p\u00e5, inv\u00e4ndningar mot v\u00e5r behandling av dina personuppgifter utifr\u00e5n g\u00e4llande lagar och regler s\u00e5 ber vi dig att snarast anm\u00e4la detta till oss. Du har \u00e4ven r\u00e4tt att v\u00e4nda dig till Datainspektionen vid klagom\u00e5l p\u00e5 v\u00e5r hantering av personuppgifter.\n<h3>Kontaktuppgifter<\/h3>\nHar du fr\u00e5gor eller vill l\u00e4mna synpunkter p\u00e5 policyn och\/eller v\u00e5ra integritetsrutiner \u00e4r du alltid v\u00e4lkommen att kontakta oss.\n\n<strong>E-post:<\/strong> info@frost08.se\n\n<\/div>\n<\/div>\n<\/div>\n<\/section><\/div>","protected":false},"excerpt":{"rendered":"<p>Integritetspolicy &#8211; Vi skyddar dina uppgifter Den 25 maj 2018 tr\u00e4der EU:s nya dataskyddsf\u00f6rordning, GDPR i kraft. GDPR st\u00e4ller h\u00f6gre krav p\u00e5 hur vi som f\u00f6retag hanterar dina personuppgifter. P\u00e5 FROSTnoll\u00e5tta v\u00e4rnar vi om din personliga integritet och efterstr\u00e4var alltid att h\u00e5lla en h\u00f6g niv\u00e5 av dataskydd. F\u00f6r att du ska k\u00e4nna dig trygg i [&#8230;]\n","protected":false},"author":5,"featured_media":0,"parent":0,"menu_order":0,"comment_status":"closed","ping_status":"closed","template":"","meta":{"footnotes":""},"class_list":["post-31021","page","type-page","status-publish","hentry"],"_links":{"self":[{"href":"https:\/\/frost08.se\/staging\/wp-json\/wp\/v2\/pages\/31021"}],"collection":[{"href":"https:\/\/frost08.se\/staging\/wp-json\/wp\/v2\/pages"}],"about":[{"href":"https:\/\/frost08.se\/staging\/wp-json\/wp\/v2\/types\/page"}],"author":[{"embeddable":true,"href":"https:\/\/frost08.se\/staging\/wp-json\/wp\/v2\/users\/5"}],"replies":[{"embeddable":true,"href":"https:\/\/frost08.se\/staging\/wp-json\/wp\/v2\/comments?post=31021"}],"version-history":[{"count":2,"href":"https:\/\/frost08.se\/staging\/wp-json\/wp\/v2\/pages\/31021\/revisions"}],"predecessor-version":[{"id":48412,"href":"https:\/\/frost08.se\/staging\/wp-json\/wp\/v2\/pages\/31021\/revisions\/48412"}],"wp:attachment":[{"href":"https:\/\/frost08.se\/staging\/wp-json\/wp\/v2\/media?parent=31021"}],"curies":[{"name":"wp","href":"https:\/\/api.w.org\/{rel}","templated":true}]}}