{"id":10359,"date":"2016-02-06T19:46:25","date_gmt":"2016-02-06T18:46:25","guid":{"rendered":"http:\/\/jnorman.wpengine.com\/produkt\/sammetshjarta-flockat-24mm\/"},"modified":"2023-03-14T18:14:48","modified_gmt":"2023-03-14T17:14:48","slug":"sammetshjarta-flockat-24mm","status":"publish","type":"product","link":"https:\/\/frost08.se\/staging\/produkt\/sammetshjarta-flockat-24mm\/","title":{"rendered":"Sammetshj\u00e4rta flockat 24mm"},"content":{"rendered":"<p>Underbart hj\u00e4rta med sammetsyta, basen \u00e4r akryl. H\u00e5let \u00e4r borrat vertikalt<\/p>\n<p>Antal: 1st<br \/>\nStorlek: Ca 24x22mm<\/p>\n","protected":false},"excerpt":{"rendered":"<p>Underbart hj\u00e4rta med sammetsyta, basen \u00e4r akryl. H\u00e5let \u00e4r borrat vertikalt Antal: 1st Storlek: Ca 24x22mm<\/p>\n","protected":false},"featured_media":10360,"comment_status":"open","ping_status":"closed","template":"","meta":[],"product_cat":[464,469,467,470],"product_tag":[],"class_list":{"0":"post-10359","1":"product","2":"type-product","3":"status-publish","4":"has-post-thumbnail","6":"product_cat-akrylparlor","7":"product_cat-akrylparlor-glasimitation","8":"product_cat-alla-hjartans-dag-2016","9":"product_cat-fynd","11":"first","12":"outofstock","13":"sale","14":"taxable","15":"shipping-taxable","16":"purchasable","17":"product-type-simple"},"_links":{"self":[{"href":"https:\/\/frost08.se\/staging\/wp-json\/wp\/v2\/product\/10359"}],"collection":[{"href":"https:\/\/frost08.se\/staging\/wp-json\/wp\/v2\/product"}],"about":[{"href":"https:\/\/frost08.se\/staging\/wp-json\/wp\/v2\/types\/product"}],"replies":[{"embeddable":true,"href":"https:\/\/frost08.se\/staging\/wp-json\/wp\/v2\/comments?post=10359"}],"wp:featuredmedia":[{"embeddable":true,"href":"https:\/\/frost08.se\/staging\/wp-json\/wp\/v2\/media\/10360"}],"wp:attachment":[{"href":"https:\/\/frost08.se\/staging\/wp-json\/wp\/v2\/media?parent=10359"}],"wp:term":[{"taxonomy":"product_cat","embeddable":true,"href":"https:\/\/frost08.se\/staging\/wp-json\/wp\/v2\/product_cat?post=10359"},{"taxonomy":"product_tag","embeddable":true,"href":"https:\/\/frost08.se\/staging\/wp-json\/wp\/v2\/product_tag?post=10359"}],"curies":[{"name":"wp","href":"https:\/\/api.w.org\/{rel}","templated":true}]}}